{"id":52,"date":"2026-03-08T13:00:34","date_gmt":"2026-03-08T13:00:34","guid":{"rendered":"https:\/\/oguzhanatasevericmimarlik.com.tr\/hizmetler\/"},"modified":"2026-03-08T13:00:34","modified_gmt":"2026-03-08T13:00:34","slug":"hizmetler","status":"publish","type":"page","link":"https:\/\/oguzhanatasevericmimarlik.com.tr\/en\/hizmetler\/","title":{"rendered":"Hizmetler"},"content":{"rendered":"<div class=\"wp-block-group alignfull is-style-ext-preset--group--natural-1--section has-background-background-color has-background has-global-padding is-layout-constrained wp-container-core-group-is-layout-e955bbaf wp-block-group-is-layout-constrained\" id=\"services\" style=\"margin-top:0;margin-bottom:0;padding-top:var(--wp--preset--spacing--70);padding-bottom:var(--wp--preset--spacing--70)\">\n<div class=\"wp-block-group alignwide ext-is-logical-start has-global-padding is-content-justification-left is-layout-constrained wp-container-core-group-is-layout-6729bdbe wp-block-group-is-layout-constrained\">\n<h2 class=\"wp-block-heading ext-animate--on\">Hayalinizdeki \u0130\u00e7 Mekan\u0131 Tasarlamak \u0130\u00e7in Buraday\u0131z<\/h2>\n\n\n\n<p class=\"has-text-align-left ext-animate--on\">Hizmetlerimiz, estetik ve fonksiyonelli\u011fi \u00f6n planda tutarak m\u00fc\u015fteri memnuniyetini sa\u011flar.<\/p>\n<\/div>\n\n\n\n<div class=\"wp-block-columns alignwide is-layout-flex wp-container-core-columns-is-layout-08c01c1c wp-block-columns-is-layout-flex\">\n<div class=\"wp-block-column is-vertically-aligned-stretch ext-animate--on is-layout-flow wp-container-core-column-is-layout-119bc444 wp-block-column-is-layout-flow\">\n<div class=\"wp-block-media-text is-stacked-on-mobile is-image-fill-element is-style-ext-preset--media-text--natural-1--card-1 extendify-image-import has-tertiary-background-color has-background is-style-ext-preset--media-text--natural-1--card-1--2\"><figure class=\"wp-block-media-text__media\"><img decoding=\"async\" src=\"https:\/\/images.unsplash.com\/photo-1606744837616-56c9a5c6a6eb?ixid=M3w0MzUxNjF8MHwxfHNlYXJjaHw0fHxpbnRlcmlvciUyMGRlc2lnbnxlbnwwfHx8fDE3NzI0ODI0OTZ8MA&amp;ixlib=rb-4.1.0&amp;orientation=portrait?fit=crop&amp;crop=entropy%2Cfaces&amp;auto=format%2Ccompress&amp;w=1280\" alt=\"\" style=\"object-position:50% 50%\"\/><\/figure><div class=\"wp-block-media-text__content\">\n<div class=\"wp-block-group is-style-default has-global-padding is-layout-constrained wp-container-core-group-is-layout-9a7b35d3 wp-block-group-is-layout-constrained\" style=\"padding-top:var(--wp--preset--spacing--40);padding-right:var(--wp--preset--spacing--30);padding-bottom:var(--wp--preset--spacing--40);padding-left:var(--wp--preset--spacing--30)\">\n<h3 class=\"wp-block-heading\" style=\"font-size:clamp(15.747px, 0.984rem + ((1vw - 3.2px) * 0.86), 24px);\">Konsept Tasar\u0131m<\/h3>\n\n\n\n<p class=\"has-small-font-size\">Mekanlar\u0131n\u0131z\u0131n ruhunu yans\u0131tacak \u00f6zg\u00fcn tasar\u0131m \u00e7\u00f6z\u00fcmleri sunuyoruz.<\/p>\n<\/div>\n<\/div><\/div>\n<\/div>\n\n\n\n<div class=\"wp-block-column is-vertically-aligned-stretch ext-animate--on is-layout-flow wp-container-core-column-is-layout-119bc444 wp-block-column-is-layout-flow\">\n<div class=\"wp-block-media-text is-stacked-on-mobile is-image-fill-element is-style-ext-preset--media-text--natural-1--card-1 extendify-image-import has-tertiary-background-color has-background is-style-ext-preset--media-text--natural-1--card-1--3\"><figure class=\"wp-block-media-text__media\"><img decoding=\"async\" src=\"https:\/\/images.unsplash.com\/photo-1583847268964-b28dc8f51f92?ixid=M3w0MzUxNjF8MHwxfHNlYXJjaHw4fHxpbnRlcmlvciUyMGRlc2lnbnxlbnwwfHx8fDE3NzI0ODI0OTZ8MA&amp;ixlib=rb-4.1.0&amp;orientation=portrait?fit=crop&amp;crop=entropy%2Cfaces&amp;auto=format%2Ccompress&amp;w=1280\" alt=\"\" style=\"object-position:50% 50%\"\/><\/figure><div class=\"wp-block-media-text__content\">\n<div class=\"wp-block-group is-style-default has-global-padding is-layout-constrained wp-container-core-group-is-layout-9a7b35d3 wp-block-group-is-layout-constrained\" style=\"padding-top:var(--wp--preset--spacing--40);padding-right:var(--wp--preset--spacing--30);padding-bottom:var(--wp--preset--spacing--40);padding-left:var(--wp--preset--spacing--30)\">\n<h3 class=\"wp-block-heading\" style=\"font-size:clamp(15.747px, 0.984rem + ((1vw - 3.2px) * 0.86), 24px);\">Uygulama Projesi<\/h3>\n\n\n\n<p class=\"has-small-font-size\">Projelerinizin sorunsuz ve \u015f\u0131k bir \u015fekilde hayata ge\u00e7mesini sa\u011fl\u0131yoruz.<\/p>\n<\/div>\n<\/div><\/div>\n<\/div>\n<\/div>\n\n\n\n<div class=\"wp-block-columns alignwide is-layout-flex wp-container-core-columns-is-layout-967d05ff wp-block-columns-is-layout-flex\" style=\"margin-top:var(--wp--preset--spacing--40)\">\n<div class=\"wp-block-column is-vertically-aligned-stretch ext-animate--on is-layout-flow wp-container-core-column-is-layout-119bc444 wp-block-column-is-layout-flow\">\n<div class=\"wp-block-media-text is-stacked-on-mobile is-image-fill-element is-style-ext-preset--media-text--natural-1--card-1 extendify-image-import has-tertiary-background-color has-background is-style-ext-preset--media-text--natural-1--card-1--4\"><figure class=\"wp-block-media-text__media\"><img decoding=\"async\" src=\"https:\/\/images.unsplash.com\/photo-1616046229478-9901c5536a45?ixid=M3w0MzUxNjF8MHwxfHNlYXJjaHw1fHxpbnRlcmlvciUyMGRlc2lnbnxlbnwwfHx8fDE3NzI0ODI0OTZ8MA&amp;ixlib=rb-4.1.0&amp;orientation=square?fit=crop&amp;crop=entropy%2Cfaces&amp;auto=format%2Ccompress&amp;w=1280\" alt=\"\" style=\"object-position:50% 50%\"\/><\/figure><div class=\"wp-block-media-text__content\">\n<div class=\"wp-block-group is-style-default has-global-padding is-layout-constrained wp-container-core-group-is-layout-9a7b35d3 wp-block-group-is-layout-constrained\" style=\"padding-top:var(--wp--preset--spacing--40);padding-right:var(--wp--preset--spacing--30);padding-bottom:var(--wp--preset--spacing--40);padding-left:var(--wp--preset--spacing--30)\">\n<h3 class=\"wp-block-heading\" style=\"font-size:clamp(15.747px, 0.984rem + ((1vw - 3.2px) * 0.86), 24px);\">Dan\u0131\u015fmanl\u0131k Hizmeti<\/h3>\n\n\n\n<p class=\"has-small-font-size\">\u0130\u00e7 mekan d\u00fczenlemelerinde uzman g\u00f6r\u00fc\u015f\u00fc ile en iyi sonu\u00e7lar\u0131 elde edin.<\/p>\n<\/div>\n<\/div><\/div>\n<\/div>\n\n\n\n<div class=\"wp-block-column is-vertically-aligned-stretch ext-animate--on is-layout-flow wp-container-core-column-is-layout-119bc444 wp-block-column-is-layout-flow\">\n<div class=\"wp-block-media-text is-stacked-on-mobile is-image-fill-element is-style-ext-preset--media-text--natural-1--card-1 extendify-image-import has-tertiary-background-color has-background is-style-ext-preset--media-text--natural-1--card-1--5\"><figure class=\"wp-block-media-text__media\"><img decoding=\"async\" src=\"https:\/\/images.unsplash.com\/photo-1564078516393-cf04bd966897?ixid=M3w0MzUxNjF8MHwxfHNlYXJjaHw2fHxpbnRlcmlvciUyMGRlc2lnbnxlbnwwfHx8fDE3NzI0ODI0OTZ8MA&amp;ixlib=rb-4.1.0&amp;orientation=portrait?fit=crop&amp;crop=entropy%2Cfaces&amp;auto=format%2Ccompress&amp;w=1280\" alt=\"\" style=\"object-position:50% 50%\"\/><\/figure><div class=\"wp-block-media-text__content\">\n<div class=\"wp-block-group is-style-default has-global-padding is-layout-constrained wp-container-core-group-is-layout-9a7b35d3 wp-block-group-is-layout-constrained\" style=\"padding-top:var(--wp--preset--spacing--40);padding-right:var(--wp--preset--spacing--30);padding-bottom:var(--wp--preset--spacing--40);padding-left:var(--wp--preset--spacing--30)\">\n<h3 class=\"wp-block-heading\" style=\"font-size:clamp(15.747px, 0.984rem + ((1vw - 3.2px) * 0.86), 24px);\">Proje Y\u00f6netimi<\/h3>\n\n\n\n<p class=\"has-small-font-size\">T\u00fcm s\u00fcre\u00e7leri titizlikle y\u00f6neterek zaman\u0131nda ve beklentilere uygun teslimat yap\u0131yoruz.<\/p>\n<\/div>\n<\/div><\/div>\n<\/div>\n<\/div>\n<\/div>\n\n<div class=\"wp-block-group alignfull is-style-ext-preset--group--natural-1--section has-tertiary-background-color has-background has-global-padding is-layout-constrained wp-container-core-group-is-layout-f72f1611 wp-block-group-is-layout-constrained\" id=\"gallery\" style=\"margin-top:0;margin-bottom:0;padding-top:var(--wp--preset--spacing--70);padding-bottom:var(--wp--preset--spacing--70)\">\n<div class=\"wp-block-group alignwide ext-is-logical-start has-global-padding is-content-justification-left is-layout-constrained wp-container-core-group-is-layout-6729bdbe wp-block-group-is-layout-constrained\">\n<h2 class=\"wp-block-heading ext-animate--on\">Modern \u0130\u00e7 Mimarl\u0131k Hizmetleriyle Fonksiyonel ve \u015e\u0131k Mekanlar<\/h2>\n\n\n\n<p class=\"has-text-align-left ext-animate--on\">Projelerimiz, yarat\u0131c\u0131l\u0131\u011f\u0131m\u0131z\u0131 ve detaylara verdi\u011fimiz \u00f6nemi yans\u0131tan \u00f6zel tasar\u0131m \u00f6rneklerinden olu\u015fmaktad\u0131r.<\/p>\n<\/div>\n\n\n\n<div class=\"wp-block-columns alignwide are-vertically-aligned-top is-layout-flex wp-container-core-columns-is-layout-87beb0d0 wp-block-columns-is-layout-flex\">\n<div class=\"wp-block-column is-vertically-aligned-top ext-animate--on is-layout-flow wp-container-core-column-is-layout-f5bb311e wp-block-column-is-layout-flow\">\n<figure class=\"wp-block-image is-style-ext-preset--image--natural-1--image-1--content-top extendify-image-import is-style-ext-preset--image--natural-1--image-1--content-top--7\"><img decoding=\"async\" src=\"https:\/\/images.unsplash.com\/photo-1618219908412-a29a1bb7b86e?ixid=M3w0MzUxNjF8MHwxfHNlYXJjaHw5fHxpbnRlcmlvciUyMGRlc2lnbnxlbnwwfHx8fDE3NzI0ODI0OTZ8MA&amp;ixlib=rb-4.1.0&amp;orientation=portrait?fit=crop&amp;crop=entropy%2Cfaces&amp;auto=format%2Ccompress&amp;w=1280\" alt=\"\" style=\"aspect-ratio:1;object-fit:cover\"\/><\/figure>\n\n\n\n<figure class=\"wp-block-image is-style-ext-preset--image--natural-1--image-1--content-top extendify-image-import is-style-ext-preset--image--natural-1--image-1--content-top--8\"><img decoding=\"async\" src=\"https:\/\/images.unsplash.com\/photo-1606744824163-985d376605aa?ixid=M3w0MzUxNjF8MHwxfHNlYXJjaHw3fHxpbnRlcmlvciUyMGRlc2lnbnxlbnwwfHx8fDE3NzI0ODI0OTZ8MA&amp;ixlib=rb-4.1.0&amp;orientation=landscape?fit=crop&amp;crop=entropy%2Cfaces&amp;auto=format%2Ccompress&amp;w=1280\" alt=\"\" style=\"aspect-ratio:1;object-fit:cover\"\/><\/figure>\n<\/div>\n\n\n\n<div class=\"wp-block-column is-vertically-aligned-top ext-animate--on is-layout-flow wp-container-core-column-is-layout-f5bb311e wp-block-column-is-layout-flow\">\n<figure class=\"wp-block-image is-style-ext-preset--image--natural-1--image-1--content-top extendify-image-import is-style-ext-preset--image--natural-1--image-1--content-top--9\"><img decoding=\"async\" src=\"https:\/\/images.unsplash.com\/photo-1618221195710-dd6b41faaea6?ixid=M3w0MzUxNjF8MHwxfHNlYXJjaHwxfHxpbnRlcmlvciUyMGRlc2lnbnxlbnwwfHx8fDE3NzI0ODI0OTZ8MA&amp;ixlib=rb-4.1.0&amp;orientation=landscape?fit=crop&amp;crop=entropy%2Cfaces&amp;auto=format%2Ccompress&amp;w=1280\" alt=\"\" style=\"aspect-ratio:1;object-fit:cover\"\/><\/figure>\n\n\n\n<figure class=\"wp-block-image is-style-ext-preset--image--natural-1--image-1--content-top extendify-image-import is-style-ext-preset--image--natural-1--image-1--content-top--10\"><img decoding=\"async\" src=\"https:\/\/images.unsplash.com\/photo-1616046229478-9901c5536a45?ixid=M3w0MzUxNjF8MHwxfHNlYXJjaHw1fHxpbnRlcmlvciUyMGRlc2lnbnxlbnwwfHx8fDE3NzI0ODI0OTZ8MA&amp;ixlib=rb-4.1.0&amp;orientation=square?fit=crop&amp;crop=entropy%2Cfaces&amp;auto=format%2Ccompress&amp;w=1280\" alt=\"\" style=\"aspect-ratio:1;object-fit:cover\"\/><\/figure>\n<\/div>\n\n\n\n<div class=\"wp-block-column is-vertically-aligned-top ext-animate--on is-layout-flow wp-container-core-column-is-layout-f5bb311e wp-block-column-is-layout-flow\">\n<figure class=\"wp-block-image is-style-ext-preset--image--natural-1--image-1--content-top extendify-image-import is-style-ext-preset--image--natural-1--image-1--content-top--11\"><img decoding=\"async\" src=\"https:\/\/images.unsplash.com\/photo-1583847268964-b28dc8f51f92?ixid=M3w0MzUxNjF8MHwxfHNlYXJjaHw4fHxpbnRlcmlvciUyMGRlc2lnbnxlbnwwfHx8fDE3NzI0ODI0OTZ8MA&amp;ixlib=rb-4.1.0&amp;orientation=portrait?fit=crop&amp;crop=entropy%2Cfaces&amp;auto=format%2Ccompress&amp;w=1280\" alt=\"\" style=\"aspect-ratio:1;object-fit:cover\"\/><\/figure>\n\n\n\n<figure class=\"wp-block-image is-style-ext-preset--image--natural-1--image-1--content-top extendify-image-import is-style-ext-preset--image--natural-1--image-1--content-top--12\"><img decoding=\"async\" src=\"https:\/\/images.unsplash.com\/photo-1567016376408-0226e4d0c1ea?ixid=M3w0MzUxNjF8MHwxfHNlYXJjaHwxMHx8aW50ZXJpb3IlMjBkZXNpZ258ZW58MHx8fHwxNzcyNDgyNDk2fDA&amp;ixlib=rb-4.1.0&amp;orientation=portrait?fit=crop&amp;crop=entropy%2Cfaces&amp;auto=format%2Ccompress&amp;w=1280\" alt=\"\" style=\"aspect-ratio:1;object-fit:cover\"\/><\/figure>\n<\/div>\n\n\n\n<div class=\"wp-block-column is-vertically-aligned-top ext-animate--on is-layout-flow wp-container-core-column-is-layout-f5bb311e wp-block-column-is-layout-flow\">\n<figure class=\"wp-block-image is-style-ext-preset--image--natural-1--image-1--content-top extendify-image-import is-style-ext-preset--image--natural-1--image-1--content-top--13\"><img decoding=\"async\" src=\"https:\/\/images.unsplash.com\/photo-1564078516393-cf04bd966897?ixid=M3w0MzUxNjF8MHwxfHNlYXJjaHw2fHxpbnRlcmlvciUyMGRlc2lnbnxlbnwwfHx8fDE3NzI0ODI0OTZ8MA&amp;ixlib=rb-4.1.0&amp;orientation=portrait?fit=crop&amp;crop=entropy%2Cfaces&amp;auto=format%2Ccompress&amp;w=1280\" alt=\"\" style=\"aspect-ratio:1;object-fit:cover\"\/><\/figure>\n\n\n\n<figure class=\"wp-block-image is-style-ext-preset--image--natural-1--image-1--content-top extendify-image-import is-style-ext-preset--image--natural-1--image-1--content-top--14\"><img decoding=\"async\" src=\"https:\/\/images.unsplash.com\/photo-1618220179428-22790b461013?ixid=M3w0MzUxNjF8MHwxfHNlYXJjaHwzfHxpbnRlcmlvciUyMGRlc2lnbnxlbnwwfHx8fDE3NzI0ODI0OTZ8MA&amp;ixlib=rb-4.1.0&amp;orientation=portrait?fit=crop&amp;crop=entropy%2Cfaces&amp;auto=format%2Ccompress&amp;w=1280\" alt=\"\" style=\"aspect-ratio:1;object-fit:cover\"\/><\/figure>\n<\/div>\n<\/div>\n<\/div>\n\n<div class=\"wp-block-group alignfull is-style-ext-preset--group--natural-1--section has-background-background-color has-background has-global-padding is-layout-constrained wp-container-core-group-is-layout-e955bbaf wp-block-group-is-layout-constrained\" style=\"margin-top:0;margin-bottom:0;padding-top:var(--wp--preset--spacing--70);padding-bottom:var(--wp--preset--spacing--70)\">\n<div class=\"wp-block-group alignwide ext-is-logical-start has-global-padding is-content-justification-left is-layout-constrained wp-container-core-group-is-layout-20186816 wp-block-group-is-layout-constrained\">\n<h2 class=\"wp-block-heading has-text-align-left ext-animate--on\">\u0130\u00e7 Mekan Tasar\u0131m\u0131nda Modern ve Fonksiyonel Yakla\u015f\u0131mlar<\/h2>\n\n\n\n<p class=\"has-text-align-left ext-animate--on\" style=\"margin-top:1.5rem\">Projelerimizi ve \u00f6zel hizmetlerimizi ke\u015ffederek mekanlar\u0131n\u0131z\u0131 d\u00f6n\u00fc\u015ft\u00fcrme f\u0131rsat\u0131n\u0131 yakalay\u0131n.<\/p>\n<\/div>\n\n\n\n<div class=\"wp-block-columns alignwide is-layout-flex wp-container-core-columns-is-layout-28f84493 wp-block-columns-is-layout-flex\">\n<div class=\"wp-block-column is-vertically-aligned-stretch ext-animate--on is-layout-flow wp-block-column-is-layout-flow\">\n<div class=\"wp-block-group is-style-ext-preset--group--natural-1--item-card-1--align-start has-tertiary-background-color has-background is-vertical is-content-justification-stretch is-layout-flex wp-container-core-group-is-layout-4cb539e6 wp-block-group-is-layout-flex is-style-ext-preset--group--natural-1--item-card-1--align-start--16\" style=\"min-height:100%;padding-top:0;padding-right:0;padding-bottom:0;padding-left:0\">\n<figure class=\"wp-block-image extendify-image-import\"><img decoding=\"async\" src=\"https:\/\/images.unsplash.com\/photo-1564078516393-cf04bd966897?ixid=M3w0MzUxNjF8MHwxfHNlYXJjaHw2fHxpbnRlcmlvciUyMGRlc2lnbnxlbnwwfHx8fDE3NzI0ODI0OTZ8MA&amp;ixlib=rb-4.1.0&amp;orientation=portrait?fit=crop&amp;crop=entropy%2Cfaces&amp;auto=format%2Ccompress&amp;w=1280\" alt=\"\" style=\"aspect-ratio:1;object-fit:cover\"\/><\/figure>\n\n\n\n<div class=\"wp-block-group is-style-default wp-container-content-9cfa9a5a is-vertical is-content-justification-stretch is-layout-flex wp-container-core-group-is-layout-d1099038 wp-block-group-is-layout-flex\" style=\"margin-top:0;padding-top:1.5rem;padding-right:1.5rem;padding-bottom:1.5rem;padding-left:1.5rem\">\n<div class=\"wp-block-columns is-not-stacked-on-mobile is-layout-flex wp-container-core-columns-is-layout-ea69a204 wp-block-columns-is-layout-flex\">\n<div class=\"wp-block-column is-layout-flow wp-block-column-is-layout-flow\" style=\"flex-basis:66.66%\">\n<h3 class=\"wp-block-heading has-medium-font-size\">Konut Tasar\u0131m\u0131<\/h3>\n\n\n\n<p style=\"margin-top:4px;margin-bottom:0;font-size:14px\">Ya\u015fam Alanlar\u0131<\/p>\n<\/div>\n\n\n\n<div class=\"wp-block-column is-layout-flow wp-block-column-is-layout-flow\" style=\"flex-basis:33.33%\">\n<h3 class=\"wp-block-heading has-text-align-right\" style=\"font-size:clamp(14px, 0.875rem + ((1vw - 3.2px) * 0.625), 20px);\">9,99 \u20ba<\/h3>\n<\/div>\n<\/div>\n<\/div>\n<\/div>\n<\/div>\n\n\n\n<div class=\"wp-block-column is-vertically-aligned-stretch ext-animate--on is-layout-flow wp-block-column-is-layout-flow\">\n<div class=\"wp-block-group is-style-ext-preset--group--natural-1--item-card-1--align-start has-tertiary-background-color has-background is-vertical is-content-justification-stretch is-layout-flex wp-container-core-group-is-layout-4cb539e6 wp-block-group-is-layout-flex is-style-ext-preset--group--natural-1--item-card-1--align-start--17\" style=\"min-height:100%;padding-top:0;padding-right:0;padding-bottom:0;padding-left:0\">\n<figure class=\"wp-block-image extendify-image-import\"><img decoding=\"async\" src=\"https:\/\/images.unsplash.com\/photo-1618221195710-dd6b41faaea6?ixid=M3w0MzUxNjF8MHwxfHNlYXJjaHwxfHxpbnRlcmlvciUyMGRlc2lnbnxlbnwwfHx8fDE3NzI0ODI0OTZ8MA&amp;ixlib=rb-4.1.0&amp;orientation=landscape?fit=crop&amp;crop=entropy%2Cfaces&amp;auto=format%2Ccompress&amp;w=1280\" alt=\"\" style=\"aspect-ratio:1;object-fit:cover\"\/><\/figure>\n\n\n\n<div class=\"wp-block-group is-style-default wp-container-content-9cfa9a5a is-vertical is-content-justification-stretch is-layout-flex wp-container-core-group-is-layout-d1099038 wp-block-group-is-layout-flex\" style=\"margin-top:0;padding-top:1.5rem;padding-right:1.5rem;padding-bottom:1.5rem;padding-left:1.5rem\">\n<div class=\"wp-block-columns is-not-stacked-on-mobile is-layout-flex wp-container-core-columns-is-layout-ea69a204 wp-block-columns-is-layout-flex\">\n<div class=\"wp-block-column is-layout-flow wp-block-column-is-layout-flow\" style=\"flex-basis:66.66%\">\n<h3 class=\"wp-block-heading has-medium-font-size\">Ofis Projesi<\/h3>\n\n\n\n<p style=\"margin-top:4px;margin-bottom:0;font-size:14px\">\u00c7al\u0131\u015fma Alanlar\u0131<\/p>\n<\/div>\n\n\n\n<div class=\"wp-block-column is-layout-flow wp-block-column-is-layout-flow\" style=\"flex-basis:33.33%\">\n<h3 class=\"wp-block-heading has-text-align-right\" style=\"font-size:clamp(14px, 0.875rem + ((1vw - 3.2px) * 0.625), 20px);\">19,99 \u20ba<\/h3>\n<\/div>\n<\/div>\n<\/div>\n<\/div>\n<\/div>\n\n\n\n<div class=\"wp-block-column is-vertically-aligned-stretch ext-animate--on is-layout-flow wp-block-column-is-layout-flow\">\n<div class=\"wp-block-group is-style-ext-preset--group--natural-1--item-card-1--align-start has-tertiary-background-color has-background is-vertical is-content-justification-stretch is-layout-flex wp-container-core-group-is-layout-4cb539e6 wp-block-group-is-layout-flex is-style-ext-preset--group--natural-1--item-card-1--align-start--18\" style=\"min-height:100%;padding-top:0;padding-right:0;padding-bottom:0;padding-left:0\">\n<figure class=\"wp-block-image extendify-image-import\"><img decoding=\"async\" src=\"https:\/\/images.unsplash.com\/photo-1616046229478-9901c5536a45?ixid=M3w0MzUxNjF8MHwxfHNlYXJjaHw1fHxpbnRlcmlvciUyMGRlc2lnbnxlbnwwfHx8fDE3NzI0ODI0OTZ8MA&amp;ixlib=rb-4.1.0&amp;orientation=square?fit=crop&amp;crop=entropy%2Cfaces&amp;auto=format%2Ccompress&amp;w=1280\" alt=\"\" style=\"aspect-ratio:1;object-fit:cover\"\/><\/figure>\n\n\n\n<div class=\"wp-block-group is-style-default wp-container-content-9cfa9a5a is-vertical is-content-justification-stretch is-layout-flex wp-container-core-group-is-layout-2f2da33a wp-block-group-is-layout-flex\" style=\"margin-top:0;padding-top:1.5rem;padding-right:1.5rem;padding-bottom:1.5rem;padding-left:1.5rem\">\n<div class=\"wp-block-columns is-not-stacked-on-mobile is-layout-flex wp-container-core-columns-is-layout-ea69a204 wp-block-columns-is-layout-flex\">\n<div class=\"wp-block-column is-layout-flow wp-block-column-is-layout-flow\" style=\"flex-basis:66.66%\">\n<h3 class=\"wp-block-heading has-medium-font-size\">Kafe Dekorasyonu<\/h3>\n\n\n\n<p style=\"margin-top:4px;margin-bottom:0;font-size:14px\">Ticari Mekanlar<\/p>\n<\/div>\n\n\n\n<div class=\"wp-block-column is-layout-flow wp-block-column-is-layout-flow\" style=\"flex-basis:33.33%\">\n<h3 class=\"wp-block-heading has-text-align-right\" style=\"font-size:clamp(14px, 0.875rem + ((1vw - 3.2px) * 0.625), 20px);\">29,99 \u20ba<\/h3>\n<\/div>\n<\/div>\n<\/div>\n<\/div>\n<\/div>\n<\/div>\n<\/div>","protected":false},"excerpt":{"rendered":"<p>Hayalinizdeki \u0130\u00e7 Mekan\u0131 Tasarlamak \u0130\u00e7in Buraday\u0131z Hizmetlerimiz, estetik ve fonksiyonelli\u011fi \u00f6n planda tutarak m\u00fc\u015fteri memnuniyetini sa\u011flar. Konsept Tasar\u0131m Mekanlar\u0131n\u0131z\u0131n ruhunu yans\u0131tacak \u00f6zg\u00fcn tasar\u0131m \u00e7\u00f6z\u00fcmleri sunuyoruz. Uygulama Projesi Projelerinizin sorunsuz ve \u015f\u0131k bir \u015fekilde hayata ge\u00e7mesini sa\u011fl\u0131yoruz. Dan\u0131\u015fmanl\u0131k Hizmeti \u0130\u00e7 mekan d\u00fczenlemelerinde uzman g\u00f6r\u00fc\u015f\u00fc ile en iyi sonu\u00e7lar\u0131 elde edin. Proje Y\u00f6netimi T\u00fcm s\u00fcre\u00e7leri titizlikle y\u00f6neterek [&hellip;]<\/p>\n","protected":false},"author":1,"featured_media":0,"parent":0,"menu_order":0,"comment_status":"closed","ping_status":"closed","template":"page-with-title","meta":{"_monsterinsights_skip_tracking":false,"_monsterinsights_sitenote_active":false,"_monsterinsights_sitenote_note":"","_monsterinsights_sitenote_category":0,"_uf_show_specific_survey":0,"_uf_disable_surveys":false,"footnotes":""},"class_list":["post-52","page","type-page","status-publish","hentry"],"aioseo_notices":[],"_links":{"self":[{"href":"https:\/\/oguzhanatasevericmimarlik.com.tr\/en\/wp-json\/wp\/v2\/pages\/52","targetHints":{"allow":["GET"]}}],"collection":[{"href":"https:\/\/oguzhanatasevericmimarlik.com.tr\/en\/wp-json\/wp\/v2\/pages"}],"about":[{"href":"https:\/\/oguzhanatasevericmimarlik.com.tr\/en\/wp-json\/wp\/v2\/types\/page"}],"author":[{"embeddable":true,"href":"https:\/\/oguzhanatasevericmimarlik.com.tr\/en\/wp-json\/wp\/v2\/users\/1"}],"replies":[{"embeddable":true,"href":"https:\/\/oguzhanatasevericmimarlik.com.tr\/en\/wp-json\/wp\/v2\/comments?post=52"}],"version-history":[{"count":0,"href":"https:\/\/oguzhanatasevericmimarlik.com.tr\/en\/wp-json\/wp\/v2\/pages\/52\/revisions"}],"wp:attachment":[{"href":"https:\/\/oguzhanatasevericmimarlik.com.tr\/en\/wp-json\/wp\/v2\/media?parent=52"}],"curies":[{"name":"wp","href":"https:\/\/api.w.org\/{rel}","templated":true}]}}